{"id":1045,"date":"2020-10-20T22:28:45","date_gmt":"2020-10-20T19:28:45","guid":{"rendered":"https:\/\/akpinardokum.com\/en\/?page_id=1045"},"modified":"2025-04-30T20:15:05","modified_gmt":"2025-04-30T17:15:05","slug":"urunlerimiz","status":"publish","type":"page","link":"https:\/\/akpinardokum.com\/en\/urunlerimiz\/","title":{"rendered":"\u00dcR\u00dcNLER\u0130M\u0130Z"},"content":{"rendered":"<p>[vc_row][vc_column][vc_empty_space height=&#8221;52px&#8221;][vc_media_grid element_width=&#8221;3&#8243; gap=&#8221;10&#8243; grid_id=&#8221;vc_gid:1746033260730-8b5567ee-b822-8&#8243; include=&#8221;1748,1746,1744,1728,1738,1740,1734,1742,1726,1736,1730,1732&#8243;][\/vc_column][\/vc_row][vc_row disable_element=&#8221;yes&#8221; css=&#8221;.vc_custom_1745329949621{padding-bottom: 100px !important;}&#8221;][vc_column][\/vc_column][vc_column width=&#8221;1\/2&#8243; offset=&#8221;vc_col-md-3&#8243;]\n    <div class=\"service-box \">\n        <img decoding=\"async\" src=\"https:\/\/akpinardokum.com\/en\/wp-content\/uploads\/2020\/11\/urun01.png\" alt=\"service\">        <div class=\"content-box\">\n            <h5>Planet Di\u015fli Ta\u015f\u0131y\u0131c\u0131<\/h5>\n            <p>GGG 60 1800 Kg.<\/p>\n                    <\/div>\n    <\/div>\n\n    [vc_empty_space height=&#8221;40px&#8221; el_class=&#8221;lg-hidden&#8221;][\/vc_column][vc_column width=&#8221;1\/2&#8243; offset=&#8221;vc_col-md-3&#8243;]\n    <div class=\"service-box \">\n        <img decoding=\"async\" src=\"https:\/\/akpinardokum.com\/en\/wp-content\/uploads\/2020\/11\/urun02.png\" alt=\"service\">        <div class=\"content-box\">\n            <h5>Planet Di\u015fli Ta\u015f\u0131y\u0131c\u0131<\/h5>\n            <p>GGG 60 1080 Kg<\/p>\n                    <\/div>\n    <\/div>\n\n    [vc_empty_space height=&#8221;40px&#8221; el_class=&#8221;lg-hidden&#8221;][\/vc_column][vc_column width=&#8221;1\/2&#8243; offset=&#8221;vc_col-md-3&#8243;]\n    <div class=\"service-box \">\n        <img decoding=\"async\" src=\"https:\/\/akpinardokum.com\/en\/wp-content\/uploads\/2020\/11\/urun03.png\" alt=\"service\">        <div class=\"content-box\">\n            <h5>Cnc Torna G\u00f6vdesi<\/h5>\n            <p>GG 25 3700 Kg<\/p>\n                    <\/div>\n    <\/div>\n\n    [vc_empty_space height=&#8221;40px&#8221; el_class=&#8221;lg-hidden md-hidden&#8221;][\/vc_column][vc_column width=&#8221;1\/2&#8243; offset=&#8221;vc_col-md-3&#8243;]\n    <div class=\"service-box \">\n        <img decoding=\"async\" src=\"https:\/\/akpinardokum.com\/en\/wp-content\/uploads\/2020\/11\/urun04.png\" alt=\"service\">        <div class=\"content-box\">\n            <h5>Makina G\u00f6vde<\/h5>\n            <p>GG 25 480 Kg<\/p>\n                    <\/div>\n    <\/div>\n\n    [\/vc_column][\/vc_row][vc_row disable_element=&#8221;yes&#8221; css=&#8221;.vc_custom_1745329956040{padding-bottom: 100px !important;}&#8221;][vc_column width=&#8221;1\/2&#8243; offset=&#8221;vc_col-md-3&#8243;]\n    <div class=\"service-box \">\n        <img decoding=\"async\" src=\"https:\/\/akpinardokum.com\/en\/wp-content\/uploads\/2020\/11\/urun05.png\" alt=\"service\">        <div class=\"content-box\">\n            <h5>Kompres\u00f6r Di\u015fli Kutusu G\u00f6vde<\/h5>\n            <p>GG 25 320 Kg<\/p>\n                    <\/div>\n    <\/div>\n\n    [vc_empty_space height=&#8221;40px&#8221; el_class=&#8221;lg-hidden&#8221;][\/vc_column][vc_column width=&#8221;1\/2&#8243; offset=&#8221;vc_col-md-3&#8243;]\n    <div class=\"service-box \">\n        <img decoding=\"async\" src=\"https:\/\/akpinardokum.com\/en\/wp-content\/uploads\/2020\/11\/urun07.png\" alt=\"service\">        <div class=\"content-box\">\n            <h5>Aks Kovan\u0131<\/h5>\n            <p>GGG 35.3 240 Kg<\/p>\n                    <\/div>\n    <\/div>\n\n    [vc_empty_space height=&#8221;40px&#8221; el_class=&#8221;lg-hidden&#8221;][\/vc_column][vc_column width=&#8221;1\/2&#8243; offset=&#8221;vc_col-md-3&#8243;]\n    <div class=\"service-box \">\n        <img decoding=\"async\" src=\"https:\/\/akpinardokum.com\/en\/wp-content\/uploads\/2020\/11\/urun06.png\" alt=\"service\">        <div class=\"content-box\">\n            <h5>CNC Torna Par\u00e7alar\u0131<\/h5>\n            <p>GG 25 &#8211; A\u011f\u0131rl\u0131klar : 5- 100 Kg<\/p>\n                    <\/div>\n    <\/div>\n\n    [vc_empty_space height=&#8221;40px&#8221; el_class=&#8221;lg-hidden md-hidden&#8221;][\/vc_column][vc_column width=&#8221;1\/2&#8243; offset=&#8221;vc_col-md-3&#8243;]\n    <div class=\"service-box \">\n        <img decoding=\"async\" src=\"https:\/\/akpinardokum.com\/en\/wp-content\/uploads\/2020\/11\/urun00.png\" alt=\"service\">        <div class=\"content-box\">\n            <h5>Planet Di\u015fli Ta\u015f\u0131y\u0131c\u0131lar<\/h5>\n            <p>GGG 60<\/p>\n                    <\/div>\n    <\/div>\n\n    [\/vc_column][\/vc_row][vc_row][vc_column][vc_column_text]<\/p>\n<h4 style=\"text-align: center;\">Some of the Products We Manufacture<\/h4>\n<p>[\/vc_column_text][vc_empty_space][vc_media_grid element_width=&#8221;2&#8243; gap=&#8221;10&#8243; grid_id=&#8221;vc_gid:1746033260731-a9c3612f-119c-3&#8243; include=&#8221;1051,1053,1055,1057,1059,1061,1063,1065,1067,1069,1071,1073,1075,1077,1079,1081&#8243;][vc_empty_space][\/vc_column][\/vc_row][vc_row el_class=&#8221;bg-primary call-to-action&#8221; css=&#8221;.vc_custom_1542184444490{padding-top: 52px !important;padding-bottom: 52px !important;}&#8221;][vc_column offset=&#8221;vc_col-md-8&#8243;][vc_custom_heading text=&#8221;We offer products that meet international standards!&#8221; font_container=&#8221;tag:h3|text_align:left|color:%23ffffff&#8221; use_theme_fonts=&#8221;yes&#8221; css=&#8221;.vc_custom_1746033275739{margin-top: 10px !important;margin-bottom: 0px !important;}&#8221;][\/vc_column][vc_column offset=&#8221;vc_col-md-4&#8243;]\n    <div class=\"text-right\">\n        <a class=\"btn btn-medium btn-light  \" href=\"https:\/\/akpinardokum.com\/en\/contact\/\" style=\"\">Contact Us<\/a>\n    <\/div>\n\n    [\/vc_column][\/vc_row]<\/p>\n","protected":false},"excerpt":{"rendered":"<p>[vc_row][vc_column][vc_empty_space height=&#8221;52px&#8221;][vc_media_grid element_width=&#8221;3&#8243; gap=&#8221;10&#8243; grid_id=&#8221;vc_gid:1746033260730-8b5567ee-b822-8&#8243; include=&#8221;1748,1746,1744,1728,1738,1740,1734,1742,1726,1736,1730,1732&#8243;][\/vc_column][\/vc_row][vc_row disable_element=&#8221;yes&#8221; css=&#8221;.vc_custom_1745329949621{padding-bottom: 100px !important;}&#8221;][vc_column][\/vc_column][vc_column width=&#8221;1\/2&#8243; offset=&#8221;vc_col-md-3&#8243;][vc_empty_space height=&#8221;40px&#8221; el_class=&#8221;lg-hidden&#8221;][\/vc_column][vc_column width=&#8221;1\/2&#8243; offset=&#8221;vc_col-md-3&#8243;][vc_empty_space height=&#8221;40px&#8221; el_class=&#8221;lg-hidden&#8221;][\/vc_column][vc_column width=&#8221;1\/2&#8243; offset=&#8221;vc_col-md-3&#8243;][vc_empty_space height=&#8221;40px&#8221; el_class=&#8221;lg-hidden md-hidden&#8221;][\/vc_column][vc_column width=&#8221;1\/2&#8243; offset=&#8221;vc_col-md-3&#8243;][\/vc_column][\/vc_row][vc_row disable_element=&#8221;yes&#8221; css=&#8221;.vc_custom_1745329956040{padding-bottom: 100px !important;}&#8221;][vc_column width=&#8221;1\/2&#8243; offset=&#8221;vc_col-md-3&#8243;][vc_empty_space height=&#8221;40px&#8221; el_class=&#8221;lg-hidden&#8221;][\/vc_column][vc_column width=&#8221;1\/2&#8243; offset=&#8221;vc_col-md-3&#8243;][vc_empty_space height=&#8221;40px&#8221; el_class=&#8221;lg-hidden&#8221;][\/vc_column][vc_column width=&#8221;1\/2&#8243; offset=&#8221;vc_col-md-3&#8243;][vc_empty_space height=&#8221;40px&#8221; el_class=&#8221;lg-hidden md-hidden&#8221;][\/vc_column][vc_column width=&#8221;1\/2&#8243; offset=&#8221;vc_col-md-3&#8243;][\/vc_column][\/vc_row][vc_row][vc_column][vc_column_text] Some of the Products We Manufacture [\/vc_column_text][vc_empty_space][vc_media_grid element_width=&#8221;2&#8243; gap=&#8221;10&#8243; grid_id=&#8221;vc_gid:1746033260731-a9c3612f-119c-3&#8243; include=&#8221;1051,1053,1055,1057,1059,1061,1063,1065,1067,1069,1071,1073,1075,1077,1079,1081&#8243;][vc_empty_space][\/vc_column][\/vc_row][vc_row [&hellip;]<\/p>\n","protected":false},"author":1,"featured_media":0,"parent":0,"menu_order":0,"comment_status":"closed","ping_status":"closed","template":"","meta":{"footnotes":""},"class_list":["post-1045","page","type-page","status-publish","hentry"],"aioseo_notices":[],"_links":{"self":[{"href":"https:\/\/akpinardokum.com\/en\/wp-json\/wp\/v2\/pages\/1045","targetHints":{"allow":["GET"]}}],"collection":[{"href":"https:\/\/akpinardokum.com\/en\/wp-json\/wp\/v2\/pages"}],"about":[{"href":"https:\/\/akpinardokum.com\/en\/wp-json\/wp\/v2\/types\/page"}],"author":[{"embeddable":true,"href":"https:\/\/akpinardokum.com\/en\/wp-json\/wp\/v2\/users\/1"}],"replies":[{"embeddable":true,"href":"https:\/\/akpinardokum.com\/en\/wp-json\/wp\/v2\/comments?post=1045"}],"version-history":[{"count":17,"href":"https:\/\/akpinardokum.com\/en\/wp-json\/wp\/v2\/pages\/1045\/revisions"}],"predecessor-version":[{"id":1879,"href":"https:\/\/akpinardokum.com\/en\/wp-json\/wp\/v2\/pages\/1045\/revisions\/1879"}],"wp:attachment":[{"href":"https:\/\/akpinardokum.com\/en\/wp-json\/wp\/v2\/media?parent=1045"}],"curies":[{"name":"wp","href":"https:\/\/api.w.org\/{rel}","templated":true}]}}