{"id":1141,"date":"2020-10-21T10:01:59","date_gmt":"2020-10-21T07:01:59","guid":{"rendered":"https:\/\/akpinardokum.com\/en\/?page_id=1141"},"modified":"2025-04-30T19:54:22","modified_gmt":"2025-04-30T16:54:22","slug":"laboratory","status":"publish","type":"page","link":"https:\/\/akpinardokum.com\/en\/laboratory\/","title":{"rendered":"Laboratory"},"content":{"rendered":"<p>[vc_row][vc_column][vc_empty_space][vc_custom_heading text=&#8221;Our Quality Control Process&#8221; font_container=&#8221;tag:h4|text_align:left&#8221; use_theme_fonts=&#8221;yes&#8221; css=&#8221;.vc_custom_1746031749391{margin-bottom: 30px !important;}&#8221;][vc_custom_heading text=&#8221;At Akp\u0131nar D\u00f6k\u00fcm ve Makina Sanayi A.\u015e., we implement rigorous quality control processes at every stage of cast part production.<br \/>\nThrough comprehensive testing conducted before, during, and after production, we ensure product quality and offer our customers reliable and high-performance casting solutions.&#8221; font_container=&#8221;tag:p|font_size:18px|text_align:left|line_height:30px&#8221; use_theme_fonts=&#8221;yes&#8221; css=&#8221;.vc_custom_1746031765999{margin-bottom: 40px !important;}&#8221;][vc_row_inner equal_height=&#8221;yes&#8221; css=&#8221;.vc_custom_1542619504915{padding-bottom: 20px !important;}&#8221;][vc_column_inner width=&#8221;1\/2&#8243; offset=&#8221;vc_col-md-4&#8243;][vc_column_text]<\/p>\n<h5 class=\"text-primary\">Spectrometer<\/h5>\n<p>Chemical metal analysis is performed for each furnace using an OBLF brand spectrometer capable of measuring 16 elements.<br \/>\n[\/vc_column_text][\/vc_column_inner][vc_column_inner width=&#8221;1\/2&#8243; offset=&#8221;vc_col-md-4&#8243;][vc_column_text]<\/p>\n<h5 class=\"text-primary\">Abrasive Cutting Machine<\/h5>\n<p>Samples are cut to the desired dimensions using an abrasive cutting machine equipped with 600-grit abrasive discs, in order to preserve surface integrity.<br \/>\n[\/vc_column_text][\/vc_column_inner][vc_column_inner width=&#8221;1\/2&#8243; offset=&#8221;vc_col-md-4&#8243;][vc_column_text]<\/p>\n<h5 class=\"text-primary\">Hardness Testing Machine<\/h5>\n<p>The cut samples are tested under a load of 3000 kg to determine the Brinell hardness value. This test is crucial for measuring the material&#8217;s durability level.<br \/>\n[\/vc_column_text][\/vc_column_inner][\/vc_row_inner][vc_row_inner equal_height=&#8221;yes&#8221; css=&#8221;.vc_custom_1542619504915{padding-bottom: 20px !important;}&#8221;][vc_column_inner width=&#8221;1\/2&#8243; offset=&#8221;vc_col-md-4&#8243;][vc_column_text]<\/p>\n<h5 class=\"text-primary\">Grinding and Polishing Processes<\/h5>\n<p>Grinding and polishing processes are applied to the samples to achieve an ideal surface for microscopic analysis.<br \/>\n[\/vc_column_text][\/vc_column_inner][vc_column_inner width=&#8221;1\/2&#8243; offset=&#8221;vc_col-md-4&#8243;][vc_column_text]<\/p>\n<h5 class=\"text-primary\">Microstructure Examination<\/h5>\n<p>The prepared samples are examined under a microscope to analyze the grain distribution, graphite structure, and other microstructure details in the casting.<br \/>\n[\/vc_column_text][\/vc_column_inner][vc_column_inner width=&#8221;1\/2&#8243; offset=&#8221;vc_col-md-4&#8243;][vc_column_text]<\/p>\n<h5 class=\"text-primary\">Ultrasonic Testing (UT)<\/h5>\n<p>Internal defects and discontinuities in the parts are inspected by Level-2 specialists using ultrasonic testing equipment. This method provides reliable results without damaging the material.<br \/>\n[\/vc_column_text][\/vc_column_inner][\/vc_row_inner][vc_row_inner][vc_column_inner width=&#8221;1\/3&#8243;][vc_column_text]<\/p>\n<h5 class=\"text-primary\">Magnetic Particle Testing (MT)<\/h5>\n<p>Magnetic Particle Testing is one of the non-destructive testing methods used for detecting surface near defects. It is conducted by a Level-2 MT specialist at our factory.<br \/>\n[\/vc_column_text][\/vc_column_inner][vc_column_inner width=&#8221;1\/3&#8243;][vc_column_text]<\/p>\n<h5 class=\"text-primary\">Sand Sieving<\/h5>\n<p>The grain distribution of the molding sand is tested in special sand sieving equipment to control factors that affect casting quality.<br \/>\n[\/vc_column_text][\/vc_column_inner][vc_column_inner width=&#8221;1\/3&#8243;][vc_column_text]<\/p>\n<h5 class=\"text-primary\">Clay and Active Clay Determination<\/h5>\n<p>The clay and active clay ratios are analyzed to determine the binding properties of the sand; production is optimized according to the ideal ratios.<br \/>\n[\/vc_column_text][\/vc_column_inner][\/vc_row_inner][\/vc_column][\/vc_row][vc_row][vc_column][vc_row_inner equal_height=&#8221;yes&#8221; css=&#8221;.vc_custom_1542619504915{padding-bottom: 20px !important;}&#8221;][vc_column_inner width=&#8221;1\/2&#8243; offset=&#8221;vc_col-md-4&#8243;][vc_column_text]<\/p>\n<h5 class=\"text-primary\">Coating Thickness Measurement<\/h5>\n<p>The paint coatings on the part surfaces are inspected using a coating thickness measurement device. This ensures the suitability of both aesthetic and protective layers.<br \/>\n[\/vc_column_text][\/vc_column_inner][vc_column_inner width=&#8221;1\/2&#8243; offset=&#8221;vc_col-md-4&#8243;][\/vc_column_inner][vc_column_inner width=&#8221;1\/2&#8243; offset=&#8221;vc_col-md-4&#8243;][\/vc_column_inner][\/vc_row_inner][vc_row_inner][vc_column_inner width=&#8221;1\/3&#8243;][vc_single_image image=&#8221;1590&#8243; img_size=&#8221;full&#8221; alignment=&#8221;center&#8221; style=&#8221;vc_box_rounded&#8221;][vc_column_text]<\/p>\n<h5 style=\"text-align: center;\">Spectrometer<\/h5>\n<p>[\/vc_column_text][\/vc_column_inner][vc_column_inner width=&#8221;1\/3&#8243;][vc_single_image image=&#8221;1584&#8243; img_size=&#8221;full&#8221; alignment=&#8221;center&#8221; style=&#8221;vc_box_rounded&#8221;][vc_column_text]<\/p>\n<h5 style=\"text-align: center;\">Abrasive Cutting Machine<\/h5>\n<p>[\/vc_column_text][\/vc_column_inner][vc_column_inner width=&#8221;1\/3&#8243;][vc_single_image image=&#8221;1761&#8243; img_size=&#8221;full&#8221; alignment=&#8221;center&#8221; style=&#8221;vc_box_rounded&#8221;][vc_column_text]<\/p>\n<h5 style=\"text-align: center;\">Hardness Testing Machine<\/h5>\n<p>[\/vc_column_text][\/vc_column_inner][\/vc_row_inner][vc_row_inner][vc_column_inner width=&#8221;1\/4&#8243;][vc_single_image image=&#8221;1602&#8243; img_size=&#8221;full&#8221; alignment=&#8221;center&#8221; style=&#8221;vc_box_rounded&#8221;][vc_column_text]<\/p>\n<h5 style=\"text-align: center;\">Grinding and Polishing<\/h5>\n<p>[\/vc_column_text][\/vc_column_inner][vc_column_inner width=&#8221;1\/4&#8243;][vc_single_image image=&#8221;1594&#8243; img_size=&#8221;full&#8221; alignment=&#8221;center&#8221; style=&#8221;vc_box_rounded&#8221;][vc_column_text]<\/p>\n<h5 style=\"text-align: center;\">Microstructure Examination<\/h5>\n<p>[\/vc_column_text][\/vc_column_inner][vc_column_inner width=&#8221;1\/4&#8243;][vc_single_image image=&#8221;1600&#8243; img_size=&#8221;full&#8221; alignment=&#8221;center&#8221; style=&#8221;vc_box_rounded&#8221;][vc_column_text]<\/p>\n<h5 style=\"text-align: center;\">Ultrasonic Testing<\/h5>\n<p>[\/vc_column_text][\/vc_column_inner][vc_column_inner width=&#8221;1\/4&#8243;][vc_single_image image=&#8221;1794&#8243; img_size=&#8221;full&#8221; alignment=&#8221;center&#8221; style=&#8221;vc_box_rounded&#8221;][vc_column_text]<\/p>\n<h5 style=\"text-align: center;\">Magnetic Particle Testing<\/h5>\n<p>[\/vc_column_text][\/vc_column_inner][\/vc_row_inner][vc_row_inner][vc_column_inner width=&#8221;1\/3&#8243;][vc_single_image image=&#8221;1592&#8243; img_size=&#8221;full&#8221; alignment=&#8221;center&#8221; style=&#8221;vc_box_rounded&#8221;][vc_column_text]<\/p>\n<h5 style=\"text-align: center;\">Sand Sieving<\/h5>\n<p>[\/vc_column_text][\/vc_column_inner][vc_column_inner width=&#8221;1\/3&#8243;][vc_single_image image=&#8221;1588&#8243; img_size=&#8221;full&#8221; alignment=&#8221;center&#8221; style=&#8221;vc_box_rounded&#8221;][vc_column_text]<\/p>\n<h5 style=\"text-align: center;\">Clay and Active Clay Determination<\/h5>\n<p>[\/vc_column_text][\/vc_column_inner][vc_column_inner width=&#8221;1\/3&#8243;][vc_single_image image=&#8221;1586&#8243; img_size=&#8221;full&#8221; alignment=&#8221;center&#8221; style=&#8221;vc_box_rounded&#8221;][vc_column_text]<\/p>\n<h5 style=\"text-align: center;\">Coating Thickness Measurement<\/h5>\n<p>[\/vc_column_text][\/vc_column_inner][\/vc_row_inner][\/vc_column][\/vc_row]<\/p>\n","protected":false},"excerpt":{"rendered":"<p>[vc_row][vc_column][vc_empty_space][vc_custom_heading text=&#8221;Our Quality Control Process&#8221; font_container=&#8221;tag:h4|text_align:left&#8221; use_theme_fonts=&#8221;yes&#8221; css=&#8221;.vc_custom_1746031749391{margin-bottom: 30px !important;}&#8221;][vc_custom_heading text=&#8221;At Akp\u0131nar D\u00f6k\u00fcm ve Makina Sanayi A.\u015e., we implement rigorous quality control processes at every stage of cast part production. Through comprehensive testing conducted before, during, and after production, we ensure product quality and offer our customers reliable and high-performance casting solutions.&#8221; font_container=&#8221;tag:p|font_size:18px|text_align:left|line_height:30px&#8221; use_theme_fonts=&#8221;yes&#8221; css=&#8221;.vc_custom_1746031765999{margin-bottom: [&hellip;]<\/p>\n","protected":false},"author":1,"featured_media":0,"parent":0,"menu_order":0,"comment_status":"closed","ping_status":"closed","template":"","meta":{"footnotes":""},"class_list":["post-1141","page","type-page","status-publish","hentry"],"aioseo_notices":[],"_links":{"self":[{"href":"https:\/\/akpinardokum.com\/en\/wp-json\/wp\/v2\/pages\/1141","targetHints":{"allow":["GET"]}}],"collection":[{"href":"https:\/\/akpinardokum.com\/en\/wp-json\/wp\/v2\/pages"}],"about":[{"href":"https:\/\/akpinardokum.com\/en\/wp-json\/wp\/v2\/types\/page"}],"author":[{"embeddable":true,"href":"https:\/\/akpinardokum.com\/en\/wp-json\/wp\/v2\/users\/1"}],"replies":[{"embeddable":true,"href":"https:\/\/akpinardokum.com\/en\/wp-json\/wp\/v2\/comments?post=1141"}],"version-history":[{"count":39,"href":"https:\/\/akpinardokum.com\/en\/wp-json\/wp\/v2\/pages\/1141\/revisions"}],"predecessor-version":[{"id":1860,"href":"https:\/\/akpinardokum.com\/en\/wp-json\/wp\/v2\/pages\/1141\/revisions\/1860"}],"wp:attachment":[{"href":"https:\/\/akpinardokum.com\/en\/wp-json\/wp\/v2\/media?parent=1141"}],"curies":[{"name":"wp","href":"https:\/\/api.w.org\/{rel}","templated":true}]}}