{"id":1206,"date":"2020-10-21T11:21:16","date_gmt":"2020-10-21T08:21:16","guid":{"rendered":"https:\/\/akpinardokum.com\/en\/?page_id=1206"},"modified":"2025-04-30T19:55:10","modified_gmt":"2025-04-30T16:55:10","slug":"career","status":"publish","type":"page","link":"https:\/\/akpinardokum.com\/en\/career\/","title":{"rendered":"Career"},"content":{"rendered":"<p>[vc_row][vc_column width=&#8221;1\/2&#8243;][vc_empty_space height=&#8221;52px&#8221;][vc_column_text]<div class='fluentform ff-default fluentform_wrapper_3 ffs_default_wrap'><form data-form_id=\"3\" id=\"fluentform_3\" class=\"frm-fluent-form fluent_form_3 ff-el-form-top ff_form_instance_3_1 ff-form-loading ffs_default\" data-form_instance=\"ff_form_instance_3_1\" method=\"POST\" ><fieldset  style=\"border: none!important;margin: 0!important;padding: 0!important;background-color: transparent!important;box-shadow: none!important;outline: none!important; min-inline-size: 100%;\">\n                    <legend class=\"ff_screen_reader_title\" style=\"display: block; margin: 0!important;padding: 0!important;height: 0!important;text-indent: -999999px;width: 0!important;overflow:hidden;\">Kariyer Formu<\/legend><input type='hidden' name='__fluent_form_embded_post_id' value='1206' \/><input type=\"hidden\" id=\"_fluentform_3_fluentformnonce\" name=\"_fluentform_3_fluentformnonce\" value=\"994bed6cde\" \/><input type=\"hidden\" name=\"_wp_http_referer\" value=\"\/en\/wp-json\/wp\/v2\/pages\/1206\" \/><div class='ff-el-group  ff_list_inline'><div class=\"ff-el-input--label ff-el-is-required asterisk-right\"><label  aria-label=\"Ba\u015fvurmak \u0130stedi\u011finiz Alan\">Ba\u015fvurmak \u0130stedi\u011finiz Alan<\/label><\/div><div class='ff-el-input--content'><div class='ff-el-form-check ff-el-form-check-'><label class='ff-el-form-check-label' for=input_radio_04b23d61dce8c3cba426031b4a47906e><input  type=\"radio\" name=\"input_radio\" data-name=\"input_radio\" class=\"ff-el-form-check-input ff-el-form-check-radio\" value=\"\u0130\u015f Ba\u015fvurusu\"  id='input_radio_04b23d61dce8c3cba426031b4a47906e' aria-label='\u0130\u015f Ba\u015fvurusu' aria-invalid='false' aria-required=true> <span>\u0130\u015f Ba\u015fvurusu<\/span><\/label><\/div><div class='ff-el-form-check ff-el-form-check-'><label class='ff-el-form-check-label' for=input_radio_1b3119bfd350f6e2a9a6c044ccf7c2cd><input  type=\"radio\" name=\"input_radio\" data-name=\"input_radio\" class=\"ff-el-form-check-input ff-el-form-check-radio\" value=\"Staj Ba\u015fvurusu\"  id='input_radio_1b3119bfd350f6e2a9a6c044ccf7c2cd' aria-label='Staj Ba\u015fvurusu' aria-invalid='false' aria-required=true> <span>Staj Ba\u015fvurusu<\/span><\/label><\/div><\/div><\/div><div class='ff-el-group'><div class=\"ff-el-input--label ff-el-is-required asterisk-right\"><label for='ff_3_input_text' aria-label=\"Ad\u0131n\u0131z ve Soyad\u0131n\u0131z\">Ad\u0131n\u0131z ve Soyad\u0131n\u0131z<\/label><\/div><div class='ff-el-input--content'><input type=\"text\" name=\"input_text\" class=\"ff-el-form-control\" data-name=\"input_text\" id=\"ff_3_input_text\"  aria-invalid=\"false\" aria-required=true><\/div><\/div><div class='ff-el-group'><div class=\"ff-el-input--label ff-el-is-required asterisk-right\"><label for='ff_3_input_text_1' aria-label=\"E-posta Adresiniz\">E-posta Adresiniz<\/label><\/div><div class='ff-el-input--content'><input type=\"text\" name=\"input_text_1\" class=\"ff-el-form-control\" data-name=\"input_text_1\" id=\"ff_3_input_text_1\"  aria-invalid=\"false\" aria-required=true><\/div><\/div><div class='ff-el-group'><div class=\"ff-el-input--label ff-el-is-required asterisk-right\"><label for='ff_3_input_text_2' aria-label=\"Telefon Numaran\u0131z\">Telefon Numaran\u0131z<\/label><\/div><div class='ff-el-input--content'><input type=\"text\" name=\"input_text_2\" class=\"ff-el-form-control\" data-name=\"input_text_2\" id=\"ff_3_input_text_2\"  aria-invalid=\"false\" aria-required=true><\/div><\/div><div class='ff-el-group'><div class=\"ff-el-input--label ff-el-is-required asterisk-right\"><label for='ff_3_file-upload_1' aria-label=\"CV Y\u00fckleme B\u00f6l\u00fcm\u00fc\">CV Y\u00fckleme B\u00f6l\u00fcm\u00fc<\/label><\/div><div class='ff-el-input--content'><label for='ff_3_file-upload_1' class='ff_file_upload_holder'><span class='ff_upload_btn ff-btn'>Dosya Se\u00e7<\/span> <input type=\"file\" name=\"file-upload\" id=\"ff_3_file-upload_1\" class=\"ff-el-form-control  ff-screen-reader-element\" data-name=\"file-upload\" multiple=\"1\"  aria-invalid='false' aria-required=true><\/label><\/div><\/div><div class='ff-el-group'><div class=\"ff-el-input--label ff-el-is-required asterisk-right\"><label  aria-label=\"\u0130leti\u015fim \/ Bilgi Payla\u015f\u0131m \u0130zni\">\u0130leti\u015fim \/ Bilgi Payla\u015f\u0131m \u0130zni<\/label><\/div><div class='ff-el-input--content'><div class='ff-el-form-check ff-el-form-check-'><label class='ff-el-form-check-label' for=checkbox_9263f7cfb2100ca1719ee785c302fbe6><input  type=\"checkbox\" name=\"checkbox[]\" data-name=\"checkbox\" class=\"ff-el-form-check-input ff-el-form-check-checkbox\" value=\"Ki\u015fisel verilerin korunmas\u0131 kanunu uyar\u0131nca ger\u00e7ekle\u015ftirilen bilgilendirmeyi okudum ve onayl\u0131yorum\"  id='checkbox_9263f7cfb2100ca1719ee785c302fbe6' aria-label='Ki\u015fisel verilerin korunmas\u0131 kanunu uyar\u0131nca ger\u00e7ekle\u015ftirilen bilgilendirmeyi okudum ve onayl\u0131yorum' aria-invalid='false' aria-required=true> <span>Ki\u015fisel verilerin korunmas\u0131 kanunu uyar\u0131nca ger\u00e7ekle\u015ftirilen bilgilendirmeyi okudum ve onayl\u0131yorum<\/span><\/label><\/div><\/div><\/div><div class='ff-el-group ff-text-center ff_submit_btn_wrapper ff_submit_btn_wrapper_custom'><button class=\"ff-btn ff-btn-submit ff-btn-lg ff_btn_style wpf_has_custom_css\" type=\"submit\" name=\"custom_submit_button-3_1\" data-name=\"custom_submit_button-3_1\" >Ba\u015fvuru Ger\u00e7ekle\u015ftir<\/button><style>form.fluent_form_3 .wpf_has_custom_css.ff-btn-submit { background-color:rgba(0, 0, 0, 1);border-color:rgba(0, 0, 0, 1);color:#ffffff;min-width:100%; }form.fluent_form_3 .wpf_has_custom_css.ff-btn-submit:hover { background-color:#ffffff;border-color:rgba(251, 101, 26, 1);color:rgba(251, 112, 26, 1);min-width:100%; } <\/style><\/div><\/fieldset><\/form><div id='fluentform_3_errors' class='ff-errors-in-stack ff_form_instance_3_1 ff-form-loading_errors ff_form_instance_3_1_errors'><\/div><\/div>        <script type=\"text\/javascript\">\n            window.fluent_form_ff_form_instance_3_1 = {\"id\":\"3\",\"settings\":{\"layout\":{\"labelPlacement\":\"top\",\"asteriskPlacement\":\"asterisk-right\",\"helpMessagePlacement\":\"with_label\",\"errorMessagePlacement\":\"inline\",\"cssClassName\":\"\"},\"restrictions\":{\"denyEmptySubmission\":{\"enabled\":false}}},\"form_instance\":\"ff_form_instance_3_1\",\"form_id_selector\":\"fluentform_3\",\"rules\":{\"input_radio\":{\"required\":{\"value\":true,\"message\":\"Bu alan\\u0131n doldurulmas\\u0131 zorunludur.\",\"global_message\":\"Bu alan\\u0131n doldurulmas\\u0131 zorunludur.\",\"global\":true}},\"input_text\":{\"required\":{\"value\":true,\"message\":\"Bu alan\\u0131n doldurulmas\\u0131 zorunludur.\",\"global_message\":\"Bu alan\\u0131n doldurulmas\\u0131 zorunludur.\",\"global\":true}},\"input_text_1\":{\"required\":{\"value\":true,\"message\":\"Bu alan\\u0131n doldurulmas\\u0131 zorunludur.\",\"global_message\":\"Bu alan\\u0131n doldurulmas\\u0131 zorunludur.\",\"global\":true}},\"input_text_2\":{\"required\":{\"value\":true,\"message\":\"Bu alan\\u0131n doldurulmas\\u0131 zorunludur.\",\"global_message\":\"Bu alan\\u0131n doldurulmas\\u0131 zorunludur.\",\"global\":true}},\"file-upload\":{\"required\":{\"value\":true,\"message\":\"Bu alan\\u0131n doldurulmas\\u0131 zorunludur.\",\"global_message\":\"Bu alan\\u0131n doldurulmas\\u0131 zorunludur.\",\"global\":true},\"max_file_size\":{\"value\":10485760,\"_valueFrom\":\"MB\",\"message\":\"Maksimum 10mb dosya y\\u00fckleyebilirsiniz.\",\"global_message\":\"Maksimum 10mb dosya y\\u00fckleyebilirsiniz.\",\"global\":true},\"max_file_count\":{\"value\":1,\"message\":\"Yaln\\u0131zca 1 adet dosya y\\u00fckleyebilirsiniz\",\"global_message\":\"Yaln\\u0131zca 1 adet dosya y\\u00fckleyebilirsiniz\",\"global\":true},\"allowed_file_types\":{\"value\":[\"pdf\",\"doc|ppt|pps|xls|mdb|docx|xlsx|pptx|odt|odp|ods|odg|odc|odb|odf|rtf|txt\"],\"message\":\"Yaln\\u0131zca *.pdf - *.doc - *.docx formatlar\\u0131na izin verilmektedir.\",\"global_message\":\"Yaln\\u0131zca *.pdf - *.doc - *.docx formatlar\\u0131na izin verilmektedir.\",\"global\":true}},\"checkbox\":{\"required\":{\"value\":true,\"message\":\"Bu alan\\u0131n doldurulmas\\u0131 zorunludur.\",\"global_message\":\"Bu alan\\u0131n doldurulmas\\u0131 zorunludur.\",\"global\":true}}},\"debounce_time\":300};\n                    <\/script>\n        [\/vc_column_text][vc_empty_space height=&#8221;52px&#8221;][\/vc_column][vc_column width=&#8221;1\/2&#8243;][vc_empty_space height=&#8221;52px&#8221;][vc_column_text]<\/p>\n<h4 style=\"text-align: justify;\"><strong data-start=\"269\" data-end=\"285\">Data Privacy<\/strong> veya <strong data-start=\"291\" data-end=\"310\">Data Protection<\/strong><\/h4>\n<p style=\"text-align: justify;\">The personal data you provide to our company electronically\u2014such as your name, surname, email address, phone number, and CV information\u2014are processed for the purpose of evaluating your application by the Company, based on the legal grounds of &#8220;necessity for the establishment or performance of a contract&#8221; pursuant to Article 5\/2(c) of the Turkish Personal Data Protection Law (KVKK), and &#8220;necessity for the legitimate interests of the data controller&#8221; pursuant to Article 5\/2(f) of the KVKK.<\/p>\n<p style=\"text-align: justify;\">In the event that you voluntarily provide additional personal data beyond those listed above, such data will be processed based on the legal ground of &#8220;data made public by the data subject&#8221; pursuant to Article 5\/2(d) of the KVKK.<\/p>\n<p style=\"text-align: justify;\">We would like to emphasize that, in the case of any personal data belonging to third parties (such as references you provide), it is your responsibility to ensure that those individuals have been informed and, where required by law, have given their explicit consent for the processing of their personal data.<\/p>\n<p style=\"text-align: justify;\">If you wish to exercise your rights under Article 11 of the KVKK, which regulates the rights of the data subject, you may submit a request in accordance with the &#8220;Communiqu\u00e9 on the Principles and Procedures for Application to the Data Controller&#8221; by sending a written application to our address at Ankara 1st Organized Industrial Zone, Karamanl\u0131lar Street, No:4, Sincan\/Ankara, or via email to info@akpinardokum.com, provided that your email address is registered in our system.<\/p>\n<p>[\/vc_column_text][\/vc_column][\/vc_row]<\/p>\n","protected":false},"excerpt":{"rendered":"<p>[vc_row][vc_column width=&#8221;1\/2&#8243;][vc_empty_space height=&#8221;52px&#8221;][vc_column_text][\/vc_column_text][vc_empty_space height=&#8221;52px&#8221;][\/vc_column][vc_column width=&#8221;1\/2&#8243;][vc_empty_space height=&#8221;52px&#8221;][vc_column_text] Data Privacy veya Data Protection The personal data you provide to our company electronically\u2014such as your name, surname, email address, phone number, and CV information\u2014are processed for the purpose of evaluating your application by the Company, based on the legal grounds of &#8220;necessity for the establishment or performance of [&hellip;]<\/p>\n","protected":false},"author":1,"featured_media":0,"parent":0,"menu_order":0,"comment_status":"closed","ping_status":"closed","template":"","meta":{"footnotes":""},"class_list":["post-1206","page","type-page","status-publish","hentry"],"aioseo_notices":[],"_links":{"self":[{"href":"https:\/\/akpinardokum.com\/en\/wp-json\/wp\/v2\/pages\/1206","targetHints":{"allow":["GET"]}}],"collection":[{"href":"https:\/\/akpinardokum.com\/en\/wp-json\/wp\/v2\/pages"}],"about":[{"href":"https:\/\/akpinardokum.com\/en\/wp-json\/wp\/v2\/types\/page"}],"author":[{"embeddable":true,"href":"https:\/\/akpinardokum.com\/en\/wp-json\/wp\/v2\/users\/1"}],"replies":[{"embeddable":true,"href":"https:\/\/akpinardokum.com\/en\/wp-json\/wp\/v2\/comments?post=1206"}],"version-history":[{"count":15,"href":"https:\/\/akpinardokum.com\/en\/wp-json\/wp\/v2\/pages\/1206\/revisions"}],"predecessor-version":[{"id":1861,"href":"https:\/\/akpinardokum.com\/en\/wp-json\/wp\/v2\/pages\/1206\/revisions\/1861"}],"wp:attachment":[{"href":"https:\/\/akpinardokum.com\/en\/wp-json\/wp\/v2\/media?parent=1206"}],"curies":[{"name":"wp","href":"https:\/\/api.w.org\/{rel}","templated":true}]}}